{"id":15604,"date":"2022-02-16T07:57:18","date_gmt":"2022-02-16T07:57:18","guid":{"rendered":"https:\/\/centralhotel.hu\/wpsite\/?page_id=15604"},"modified":"2026-02-13T13:28:15","modified_gmt":"2026-02-13T13:28:15","slug":"kontakt","status":"publish","type":"page","link":"https:\/\/centralhotel.hu\/wpsite\/de\/kontakt\/","title":{"rendered":"Kontakt"},"content":{"rendered":"<div id=\"cmsmasters_row_0e8800f9fe\" class=\"cmsmasters_row cmsmasters_color_scheme_default cmsmasters_row_top_default cmsmasters_row_bot_default cmsmasters_row_boxed\">\n<div class=\"cmsmasters_row_outer_parent\">\n<div class=\"cmsmasters_row_outer\">\n<div class=\"cmsmasters_row_inner\">\n<div class=\"cmsmasters_row_margin\">\n<div id=\"cmsmasters_column_5d4c982423\" class=\"cmsmasters_column one_third\">\n<div class=\"cmsmasters_column_inner\"><div id=\"cmsmasters_heading_5ffe7c0aac\" class=\"cmsmasters_heading_wrap cmsmasters_heading_align_left\">\n\t<h3 class=\"cmsmasters_heading\">Kontakt<\/h3>\n<\/div>\n<div id=\"cmsmasters_divider_50835731a9\" class=\"cmsmasters_divider cmsmasters_divider_width_long cmsmasters_divider_pos_center\"><\/div>\n<ul id=\"cmsmasters_icon_list_items_d04a9670dc\" class=\"cmsmasters_icon_list_items cmsmasters_icon_list_type_list\"><li id=\"cmsmasters_icon_list_item_1re46pbmmp\" class=\"cmsmasters_icon_list_item cmsmasters-icon-location-3\">4400 Ny\u00edregyh\u00e1za, Ny\u00e1r u. 2-4. <\/li><li id=\"cmsmasters_icon_list_item_81i1d8zocm\" class=\"cmsmasters_icon_list_item cmsmasters-icon-mail-3\"><a href=\"#\">recepcio@centralhotel.hu<\/a><\/li><li id=\"cmsmasters_icon_list_item_6hz49kbdo8\" class=\"cmsmasters_icon_list_item cmsmasters-icon-phone\">+36 42 411-330<\/li><li id=\"cmsmasters_icon_list_item_6hz49kbdo8\" class=\"cmsmasters_icon_list_item cmsmasters-icon-phone-4\">+36 70  539-8038<\/li><\/ul><div id=\"cmsmasters_heading_2jmilnxc8\" class=\"cmsmasters_heading_wrap cmsmasters_heading_align_left\">\n\t<h4 class=\"cmsmasters_heading\">Kontaktieren Sie uns!<\/h4>\n<\/div><div class=\"cmsmasters_contact_form\">\n<div class=\"wpcf7 no-js\" id=\"wpcf7-f15610-o1\" lang=\"hu-HU\" dir=\"ltr\" data-wpcf7-id=\"15610\">\n<div class=\"screen-reader-response\"><p role=\"status\" aria-live=\"polite\" aria-atomic=\"true\"><\/p> <ul><\/ul><\/div>\n<form action=\"\/wpsite\/wp-json\/wp\/v2\/pages\/15604#wpcf7-f15610-o1\" method=\"post\" class=\"wpcf7-form init\" aria-label=\"Kapcsolatfelv\u00e9teli \u0171rlap\" novalidate=\"novalidate\" data-status=\"init\">\n<fieldset class=\"hidden-fields-container\"><input type=\"hidden\" name=\"_wpcf7\" value=\"15610\" \/><input type=\"hidden\" name=\"_wpcf7_version\" value=\"6.1.5\" \/><input type=\"hidden\" name=\"_wpcf7_locale\" value=\"hu_HU\" \/><input type=\"hidden\" name=\"_wpcf7_unit_tag\" value=\"wpcf7-f15610-o1\" \/><input type=\"hidden\" name=\"_wpcf7_container_post\" value=\"0\" \/><input type=\"hidden\" name=\"_wpcf7_posted_data_hash\" value=\"\" \/>\n<\/fieldset>\n<p><label> Name<br \/>\n<span class=\"wpcf7-form-control-wrap\" data-name=\"your-name\"><input size=\"40\" maxlength=\"400\" class=\"wpcf7-form-control wpcf7-text wpcf7-validates-as-required\" aria-required=\"true\" aria-invalid=\"false\" value=\"\" type=\"text\" name=\"your-name\" \/><\/span> <\/label>\n<\/p>\n<p><label> E-mail<br \/>\n<span class=\"wpcf7-form-control-wrap\" data-name=\"your-email\"><input size=\"40\" maxlength=\"400\" class=\"wpcf7-form-control wpcf7-email wpcf7-validates-as-required wpcf7-text wpcf7-validates-as-email\" aria-required=\"true\" aria-invalid=\"false\" value=\"\" type=\"email\" name=\"your-email\" \/><\/span> <\/label>\n<\/p>\n<p><label> Subject<br \/>\n<span class=\"wpcf7-form-control-wrap\" data-name=\"your-subject\"><input size=\"40\" maxlength=\"400\" class=\"wpcf7-form-control wpcf7-text wpcf7-validates-as-required\" aria-required=\"true\" aria-invalid=\"false\" value=\"\" type=\"text\" name=\"your-subject\" \/><\/span> <\/label>\n<\/p>\n<p><label> Nachricht:<br \/>\n<span class=\"wpcf7-form-control-wrap\" data-name=\"your-message\"><textarea cols=\"40\" rows=\"10\" maxlength=\"2000\" class=\"wpcf7-form-control wpcf7-textarea\" aria-invalid=\"false\" name=\"your-message\"><\/textarea><\/span> <\/label>\n<\/p>\n<p><input class=\"wpcf7-form-control wpcf7-submit has-spinner\" type=\"submit\" value=\"Senden\" \/>\n<\/p><p style=\"display: none !important;\" class=\"akismet-fields-container\" data-prefix=\"_wpcf7_ak_\"><label>&#916;<textarea name=\"_wpcf7_ak_hp_textarea\" cols=\"45\" rows=\"8\" maxlength=\"100\"><\/textarea><\/label><input type=\"hidden\" id=\"ak_js_1\" name=\"_wpcf7_ak_js\" value=\"137\"\/><script>document.getElementById( \"ak_js_1\" ).setAttribute( \"value\", ( new Date() ).getTime() );<\/script><\/p><div class=\"wpcf7-response-output\" aria-hidden=\"true\"><\/div>\n<\/form>\n<\/div>\n<\/div>\n<\/div><\/div>\n<div id=\"cmsmasters_column_db4776658e\" class=\"cmsmasters_column two_third cmsmasters_column_sticky\">\n<div class=\"cmsmasters_column_inner\"><div class=\"custom_html\">\n<iframe src=\"https:\/\/www.google.com\/maps\/embed?pb=!1m14!1m8!1m3!1d10687.532096165382!2d21.710048033405176!3d47.957986046008216!3m2!1i1024!2i768!4f13.1!3m3!1m2!1s0x0%3A0x18e2a5f102701919!2sCentr%C3%A1l%20Hotel!5e0!3m2!1shu!2sus!4v1630338847241!5m2!1shu!2sus\" width=\"600\" height=\"450\" style=\"border:0;\" allowfullscreen=\"\" loading=\"lazy\"><\/iframe>\n<\/div>\n<\/div><\/div>\n<\/div>\n<\/div>\n<\/div>\n<\/div>\n<\/div>\n\n","protected":false},"excerpt":{"rendered":"","protected":false},"author":1,"featured_media":0,"parent":0,"menu_order":0,"comment_status":"closed","ping_status":"closed","template":"","meta":{"_monsterinsights_skip_tracking":false,"_monsterinsights_sitenote_active":false,"_monsterinsights_sitenote_note":"","_monsterinsights_sitenote_category":0,"footnotes":""},"class_list":["post-15604","page","type-page","status-publish","hentry"],"aioseo_notices":[],"lang":"de","translations":{"de":15604},"aioseo_head":"\n\t\t<!-- All in One SEO Pro 4.9.0 - aioseo.com -->\n\t<meta name=\"robots\" content=\"max-image-preview:large\" \/>\n\t<link rel=\"canonical\" href=\"https:\/\/centralhotel.hu\/wpsite\/de\/kontakt\/\" \/>\n\t<meta name=\"generator\" content=\"All in One SEO Pro (AIOSEO) 4.9.0\" \/>\n\t\t<meta property=\"og:locale\" content=\"hu_HU\" \/>\n\t\t<meta property=\"og:site_name\" content=\"Centr\u00e1l Hotel - Centr\u00e1l Hotel\" \/>\n\t\t<meta property=\"og:type\" content=\"article\" \/>\n\t\t<meta property=\"og:title\" content=\"Kontakt - Centr\u00e1l Hotel\" \/>\n\t\t<meta property=\"og:url\" content=\"https:\/\/centralhotel.hu\/wpsite\/de\/kontakt\/\" \/>\n\t\t<meta property=\"article:published_time\" content=\"2022-02-16T07:57:18+00:00\" \/>\n\t\t<meta property=\"article:modified_time\" content=\"2026-02-13T13:28:15+00:00\" \/>\n\t\t<meta property=\"article:publisher\" content=\"https:\/\/www.facebook.com\/www.centralhotel.hu\" \/>\n\t\t<meta name=\"twitter:card\" content=\"summary_large_image\" \/>\n\t\t<meta name=\"twitter:title\" content=\"Kontakt - Centr\u00e1l Hotel\" \/>\n\t\t<script type=\"application\/ld+json\" class=\"aioseo-schema\">\n\t\t\t{\"@context\":\"https:\\\/\\\/schema.org\",\"@graph\":[{\"@type\":\"BreadcrumbList\",\"@id\":\"https:\\\/\\\/centralhotel.hu\\\/wpsite\\\/de\\\/kontakt\\\/#breadcrumblist\",\"itemListElement\":[{\"@type\":\"ListItem\",\"@id\":\"https:\\\/\\\/centralhotel.hu\\\/wpsite#listItem\",\"position\":1,\"name\":\"Home\",\"item\":\"https:\\\/\\\/centralhotel.hu\\\/wpsite\",\"nextItem\":{\"@type\":\"ListItem\",\"@id\":\"https:\\\/\\\/centralhotel.hu\\\/wpsite\\\/de\\\/kontakt\\\/#listItem\",\"name\":\"Kontakt\"}},{\"@type\":\"ListItem\",\"@id\":\"https:\\\/\\\/centralhotel.hu\\\/wpsite\\\/de\\\/kontakt\\\/#listItem\",\"position\":2,\"name\":\"Kontakt\",\"previousItem\":{\"@type\":\"ListItem\",\"@id\":\"https:\\\/\\\/centralhotel.hu\\\/wpsite#listItem\",\"name\":\"Home\"}}]},{\"@type\":\"Organization\",\"@id\":\"https:\\\/\\\/centralhotel.hu\\\/wpsite\\\/#organization\",\"name\":\"Centr\\u00e1l Hotel\",\"description\":\"Centr\\u00e1l Hotel\",\"url\":\"https:\\\/\\\/centralhotel.hu\\\/wpsite\\\/\",\"sameAs\":[\"https:\\\/\\\/www.facebook.com\\\/www.centralhotel.hu\",\"https:\\\/\\\/www.instagram.com\\\/explore\\\/locations\\\/446697402150991\\\/central-hotel-es-etterem\\\/\"]},{\"@type\":\"WebPage\",\"@id\":\"https:\\\/\\\/centralhotel.hu\\\/wpsite\\\/de\\\/kontakt\\\/#webpage\",\"url\":\"https:\\\/\\\/centralhotel.hu\\\/wpsite\\\/de\\\/kontakt\\\/\",\"name\":\"Kontakt - Centr\\u00e1l Hotel\",\"inLanguage\":\"hu-HU\",\"isPartOf\":{\"@id\":\"https:\\\/\\\/centralhotel.hu\\\/wpsite\\\/#website\"},\"breadcrumb\":{\"@id\":\"https:\\\/\\\/centralhotel.hu\\\/wpsite\\\/de\\\/kontakt\\\/#breadcrumblist\"},\"datePublished\":\"2022-02-16T07:57:18+00:00\",\"dateModified\":\"2026-02-13T13:28:15+00:00\"},{\"@type\":\"WebSite\",\"@id\":\"https:\\\/\\\/centralhotel.hu\\\/wpsite\\\/#website\",\"url\":\"https:\\\/\\\/centralhotel.hu\\\/wpsite\\\/\",\"name\":\"Centr\\u00e1l Hotel\",\"description\":\"Centr\\u00e1l Hotel\",\"inLanguage\":\"hu-HU\",\"publisher\":{\"@id\":\"https:\\\/\\\/centralhotel.hu\\\/wpsite\\\/#organization\"}}]}\n\t\t<\/script>\n\t\t<!-- All in One SEO Pro -->\r\n\t\t<title>Kontakt - Centr\u00e1l Hotel<\/title>\n\n","aioseo_head_json":{"title":"Kontakt - Centr\u00e1l Hotel","description":"","canonical_url":"https:\/\/centralhotel.hu\/wpsite\/de\/kontakt\/","robots":"max-image-preview:large","keywords":"","webmasterTools":{"miscellaneous":""},"schema":{"@context":"https:\/\/schema.org","@graph":[{"@type":"BreadcrumbList","@id":"https:\/\/centralhotel.hu\/wpsite\/de\/kontakt\/#breadcrumblist","itemListElement":[{"@type":"ListItem","@id":"https:\/\/centralhotel.hu\/wpsite#listItem","position":1,"name":"Home","item":"https:\/\/centralhotel.hu\/wpsite","nextItem":{"@type":"ListItem","@id":"https:\/\/centralhotel.hu\/wpsite\/de\/kontakt\/#listItem","name":"Kontakt"}},{"@type":"ListItem","@id":"https:\/\/centralhotel.hu\/wpsite\/de\/kontakt\/#listItem","position":2,"name":"Kontakt","previousItem":{"@type":"ListItem","@id":"https:\/\/centralhotel.hu\/wpsite#listItem","name":"Home"}}]},{"@type":"Organization","@id":"https:\/\/centralhotel.hu\/wpsite\/#organization","name":"Centr\u00e1l Hotel","description":"Centr\u00e1l Hotel","url":"https:\/\/centralhotel.hu\/wpsite\/","sameAs":["https:\/\/www.facebook.com\/www.centralhotel.hu","https:\/\/www.instagram.com\/explore\/locations\/446697402150991\/central-hotel-es-etterem\/"]},{"@type":"WebPage","@id":"https:\/\/centralhotel.hu\/wpsite\/de\/kontakt\/#webpage","url":"https:\/\/centralhotel.hu\/wpsite\/de\/kontakt\/","name":"Kontakt - Centr\u00e1l Hotel","inLanguage":"hu-HU","isPartOf":{"@id":"https:\/\/centralhotel.hu\/wpsite\/#website"},"breadcrumb":{"@id":"https:\/\/centralhotel.hu\/wpsite\/de\/kontakt\/#breadcrumblist"},"datePublished":"2022-02-16T07:57:18+00:00","dateModified":"2026-02-13T13:28:15+00:00"},{"@type":"WebSite","@id":"https:\/\/centralhotel.hu\/wpsite\/#website","url":"https:\/\/centralhotel.hu\/wpsite\/","name":"Centr\u00e1l Hotel","description":"Centr\u00e1l Hotel","inLanguage":"hu-HU","publisher":{"@id":"https:\/\/centralhotel.hu\/wpsite\/#organization"}}]},"og:locale":"hu_HU","og:site_name":"Centr\u00e1l Hotel - Centr\u00e1l Hotel","og:type":"article","og:title":"Kontakt - Centr\u00e1l Hotel","og:url":"https:\/\/centralhotel.hu\/wpsite\/de\/kontakt\/","article:published_time":"2022-02-16T07:57:18+00:00","article:modified_time":"2026-02-13T13:28:15+00:00","article:publisher":"https:\/\/www.facebook.com\/www.centralhotel.hu","twitter:card":"summary_large_image","twitter:title":"Kontakt - Centr\u00e1l Hotel"},"aioseo_meta_data":{"post_id":"15604","title":null,"description":null,"keywords":null,"keyphrases":{"focus":{"keyphrase":"Kontakt","score":0,"analysis":[]}},"primary_term":null,"canonical_url":null,"og_title":null,"og_description":null,"og_object_type":"default","og_image_type":"default","og_image_url":null,"og_image_width":null,"og_image_height":null,"og_image_custom_url":null,"og_image_custom_fields":null,"og_video":null,"og_custom_url":null,"og_article_section":null,"og_article_tags":null,"twitter_use_og":false,"twitter_card":"default","twitter_image_type":"default","twitter_image_url":null,"twitter_image_custom_url":null,"twitter_image_custom_fields":null,"twitter_title":null,"twitter_description":null,"schema":{"blockGraphs":[],"customGraphs":[],"default":{"data":{"Article":[],"Course":[],"Dataset":[],"FAQPage":[],"Movie":[],"Person":[],"Product":[],"ProductReview":[],"Car":[],"Recipe":[],"Service":[],"SoftwareApplication":[],"WebPage":[]},"graphName":"","isEnabled":true},"graphs":[]},"schema_type":"default","schema_type_options":null,"pillar_content":false,"robots_default":true,"robots_noindex":false,"robots_noarchive":false,"robots_nosnippet":false,"robots_nofollow":false,"robots_noimageindex":false,"robots_noodp":false,"robots_notranslate":false,"robots_max_snippet":null,"robots_max_videopreview":null,"robots_max_imagepreview":"large","priority":null,"frequency":null,"local_seo":null,"seo_analyzer_scan_date":"2026-02-16 10:46:21","breadcrumb_settings":null,"limit_modified_date":false,"open_ai":null,"ai":null,"created":"2026-02-15 16:48:39","updated":"2026-02-16 10:46:21"},"aioseo_breadcrumb":"<div class=\"aioseo-breadcrumbs\"><span class=\"aioseo-breadcrumb\">\n\t<a href=\"https:\/\/centralhotel.hu\/wpsite\" title=\"Home\">Home<\/a>\n<\/span><span class=\"aioseo-breadcrumb-separator\">&raquo;<\/span><span class=\"aioseo-breadcrumb\">\n\tKontakt\n<\/span><\/div>","aioseo_breadcrumb_json":[{"label":"Home","link":"https:\/\/centralhotel.hu\/wpsite"},{"label":"Kontakt","link":"https:\/\/centralhotel.hu\/wpsite\/de\/kontakt\/"}],"pll_sync_post":[],"_links":{"self":[{"href":"https:\/\/centralhotel.hu\/wpsite\/wp-json\/wp\/v2\/pages\/15604","targetHints":{"allow":["GET"]}}],"collection":[{"href":"https:\/\/centralhotel.hu\/wpsite\/wp-json\/wp\/v2\/pages"}],"about":[{"href":"https:\/\/centralhotel.hu\/wpsite\/wp-json\/wp\/v2\/types\/page"}],"author":[{"embeddable":true,"href":"https:\/\/centralhotel.hu\/wpsite\/wp-json\/wp\/v2\/users\/1"}],"replies":[{"embeddable":true,"href":"https:\/\/centralhotel.hu\/wpsite\/wp-json\/wp\/v2\/comments?post=15604"}],"version-history":[{"count":6,"href":"https:\/\/centralhotel.hu\/wpsite\/wp-json\/wp\/v2\/pages\/15604\/revisions"}],"predecessor-version":[{"id":15976,"href":"https:\/\/centralhotel.hu\/wpsite\/wp-json\/wp\/v2\/pages\/15604\/revisions\/15976"}],"wp:attachment":[{"href":"https:\/\/centralhotel.hu\/wpsite\/wp-json\/wp\/v2\/media?parent=15604"}],"curies":[{"name":"wp","href":"https:\/\/api.w.org\/{rel}","templated":true}]}}