{"id":15441,"date":"2021-09-16T12:05:35","date_gmt":"2021-09-16T12:05:35","guid":{"rendered":"https:\/\/centralhotel.hu\/wpsite\/?page_id=15441"},"modified":"2025-04-17T14:21:26","modified_gmt":"2025-04-17T14:21:26","slug":"our-offers","status":"publish","type":"page","link":"https:\/\/centralhotel.hu\/wpsite\/en\/our-offers\/","title":{"rendered":"Our Offers"},"content":{"rendered":"<div id=\"cmsmasters_row_yqrn8e0s6\" class=\"cmsmasters_row cmsmasters_color_scheme_default cmsmasters_row_top_default cmsmasters_row_bot_default cmsmasters_row_boxed\">\n<div class=\"cmsmasters_row_outer_parent\">\n<div class=\"cmsmasters_row_outer\">\n<div class=\"cmsmasters_row_inner\">\n<div class=\"cmsmasters_row_margin\">\n<div id=\"cmsmasters_column_h2gr5jveyl\" class=\"cmsmasters_column one_third\">\n<div class=\"cmsmasters_column_inner\"><div id=\"cmsmasters_heading_zcwqhqwrof\" class=\"cmsmasters_heading_wrap cmsmasters_heading_align_center\">\n\t<h3 class=\"cmsmasters_heading\">Celebration <\/h3>\n<\/div><div id=\"cmsmasters_heading_qb0z59leu\" class=\"cmsmasters_heading_wrap cmsmasters_heading_align_center cmsmasters_heading_divider_short\">\n\t<span class=\"cmsmasters_heading_divider_left_wrap\"><span class=\"cmsmasters_heading_divider cmsmasters_heading_divider_left\"><\/span><\/span>\n<h3 class=\"cmsmasters_heading\">package<\/h3>\n<span class=\"cmsmasters_heading_divider_right_wrap\"><span class=\"cmsmasters_heading_divider cmsmasters_heading_divider_right\"><\/span><\/span>\n<\/div><div class=\"cmsmasters_text\">\n<h3 class=\"title\" style=\"text-align: center;\">23.000 HUF\/person\/night<\/h3>\n<\/div>\n<div class=\"aligncenter\"><div class=\"cmsmasters_img  cmsmasters_image_c\"><img decoding=\"async\" src=\"https:\/\/centralhotel.hu\/wpsite\/wp-content\/uploads\/2021\/08\/csomag1.jpg\" \/><\/div><\/div><div id=\"cmsmasters_fb_x6pp9v9xmj\" class=\"cmsmasters_featured_block\">\n<div class=\"featured_block_inner\">\n<div class=\"featured_block_text\">\n<p><strong>You can reach our best offer: <\/strong><br \/>\n2025.04.17 &#8211; 04.22<br \/>\n2025.05.01 &#8211; 05.05<br \/>\n2025.06.06 &#8211; 06.10<br \/>\n2025.08.20 &#8211; 08.25<br \/>\n2025.10.23 &#8211; 10.27<\/p>\n\n<\/div>\n<\/div>\n<\/div>\n<div id=\"cmsmasters_fb_ahsarh19ld\" class=\"cmsmasters_featured_block\">\n<div class=\"featured_block_inner\">\n<div class=\"featured_block_text\">\n<h3 class=\"title\">The package contains:<\/h3>\n<ul class=\"check-list\">\n<li>accomodation in <strong>standard**** twin\/double room with half board <\/strong><\/li>\n<\/ul>\n<p>You can have every morning of your stay our <strong>rich buffet breakfast<\/strong> with Mangalitsa goodies matching bread specialities, seasonal fruits and vegetables from the neighborhood, locally baked raisin bundt cake and fittness delicacy awaits you. We serve <strong>3 course menu for lunch or dinner<\/strong> at our town-wide famous restaurant.<\/p>\n<p>If you choose our <strong>\u00e1 la carte<\/strong> menu, we will give You <strong>15% VIP discount.<\/strong><\/p>\n<p>You can <strong>enjoy free with unlimited access in opening hours<\/strong> (between 6.00-22.00 hours) our <strong>wellness area:<\/strong> indoor swimming pool, Finnish sauna, jacuzzi, bathrobe, sauna towel, deck chair.<\/p>\n\n<\/div>\n<\/div>\n<\/div>\n<div id=\"cmsmasters_fb_gim6xc0mpl\" class=\"cmsmasters_featured_block\">\n<div class=\"featured_block_inner\">\n<div class=\"featured_block_text\">\n<h3 class=\"title\">Our tips for <strong>facultative programs:<\/strong><\/h3>\n<ul class=\"circle-list\">\n<li>Easy walk to explore the downtown<\/li>\n<li>Visit the National Shrine: M\u00e1riap\u00f3cs<\/li>\n<li>Taste p\u00e1linka in Ibr\u00e1ny (Demeter) or \u00dajfeh\u00e9rt\u00f3 (Zsindelyes)<\/li>\n<li>Visit a winecellar in Tokaj for wine tasting<\/li>\n<li>Visit Feketszak\u00e1ll (Blackbeard) Adventure Park in Tiszal\u00f6k<\/li>\n<li>Take a look at Ny\u00edregyh\u00e1za from the sky<\/li>\n<li>We will take care about You with picnic package for the trip.<\/li>\n<\/ul>\n\n<\/div>\n<\/div>\n<\/div>\n<div id=\"cmsmasters_fb_rio7q1d4w\" class=\"cmsmasters_featured_block\">\n<div class=\"featured_block_inner\">\n<div class=\"featured_block_text\">\n<p>Our offer includes VAT.<br \/>\nThe package is available with reservation of minimum 2 adults.<br \/>\nOur offer contains free outdoor parking, unlimited internet access (wi-fi).<\/p>\n<p>Tourist tax: 450 HUF\/person\/day (over 18 years old)<\/p>\n<h3 class=\"title\">Additional room fees per room per night:<\/h3>\n<p>Junior suite: 7.000 HUF<br \/>\nSuite: 12.000 HUF<\/p>\n<h3 class=\"title\">Family-friendly discounts:<\/h3>\n<p>Catering is free of charge for 0-6 year-old children,<br \/>\n6-12 year-old children get 50% discount from total amount of catering.<\/p>\n<p>&nbsp;<\/p>\n\n<\/div>\n<\/div>\n<\/div>\n<\/div><\/div>\n<div id=\"cmsmasters_column_3rn7o7hsy\" class=\"cmsmasters_column one_third\">\n<div class=\"cmsmasters_column_inner\"><div id=\"cmsmasters_heading_pwvqahe778\" class=\"cmsmasters_heading_wrap cmsmasters_heading_align_center\">\n\t<h3 class=\"cmsmasters_heading\">Wellness<\/h3>\n<\/div><div id=\"cmsmasters_heading_5307qbw6e3\" class=\"cmsmasters_heading_wrap cmsmasters_heading_align_center cmsmasters_heading_divider_short\">\n\t<span class=\"cmsmasters_heading_divider_left_wrap\"><span class=\"cmsmasters_heading_divider cmsmasters_heading_divider_left\"><\/span><\/span>\n<h3 class=\"cmsmasters_heading\">package <\/h3>\n<span class=\"cmsmasters_heading_divider_right_wrap\"><span class=\"cmsmasters_heading_divider cmsmasters_heading_divider_right\"><\/span><\/span>\n<\/div><div class=\"cmsmasters_text\">\n<h3 class=\"title\" style=\"text-align: center;\">23.500 HUF\/person\/night<\/h3>\n<\/div>\n<div class=\"aligncenter\"><div class=\"cmsmasters_img  cmsmasters_image_c cmsmasters_featured_block\"><img decoding=\"async\" src=\"https:\/\/centralhotel.hu\/wpsite\/wp-content\/uploads\/2021\/08\/csomagok-3.jpg\" \/><\/div><\/div><div id=\"cmsmasters_fb_kyzq24ajdx\" class=\"cmsmasters_featured_block\">\n<div class=\"featured_block_inner\">\n<div class=\"featured_block_text\">\n<p>You can reach our best offer <strong>every day of the week 3 days \/ 2 nights<\/strong> accomodation in elegant <strong>4 stars standard twin\/double room with half board.<\/strong><\/p>\n\n<\/div>\n<\/div>\n<\/div>\n<div id=\"cmsmasters_fb_7fjlsrnp9b\" class=\"cmsmasters_featured_block\">\n<div class=\"featured_block_inner\">\n<div class=\"featured_block_text\">\n<ul class=\"check-list\">\n<li>You can have every morning of your stay our <strong>rich buffet breakfast<\/strong> with cold-hot drinks, wide range of cold-hot dishes and we serve <strong>3 course menu for lunch or dinner<\/strong> at our town-wide famous restaurant.<\/li>\n<li>If you choose our <strong>\u00e1 la carte<\/strong> menu, we will give You <strong>15% VIP discount.<\/strong><\/li>\n<li>You can <strong>enjoy free with unlimited access in opening hours<\/strong> (between 6.00-22.00 hours) our <strong>wellness area:<\/strong> indoor swimming pool, Finnish sauna, jacuzzi, bathrobe, sauna towel, deck chair, curative or refreshing teas.<\/li>\n<\/ul>\n\n<\/div>\n<\/div>\n<\/div>\n<div id=\"cmsmasters_fb_p6pwp6ktb\" class=\"cmsmasters_featured_block\">\n<div class=\"featured_block_inner\">\n<div class=\"featured_block_text\">\n<h3 class=\"title\">Our recommendations for <strong>facultative programs:<\/strong><\/h3>\n<ul class=\"circle-list\" style=\"font-size: 14px;\">\n<li style=\"font-size: 14px;\"><a href=\"http:\/\/www.sostort.hu\/\" target=\"_blank\" rel=\"noopener\">Aquarius SPA<\/a><\/li>\n<li style=\"font-size: 14px;\"><a href=\"http:\/\/www.sostozoo.hu\/\" target=\"_blank\" rel=\"noopener\">Ny\u00edregyh\u00e1za ZOO<\/a><\/li>\n<\/ul>\n<p>For the first night of extension we can offer 50% discount from roomprice.<br \/>\nThe package is available with reservation of minimum 2 adults.<br \/>\nOur offer contains free outdoor parking, unlimited internet access (wi-fi).<\/p>\n<p>Tourist tax: 450 HUF\/person\/day (over 18 years old)<\/p>\n<h3 class=\"title\">Additional room fees per room per night:<\/h3>\n<p>Junior suite: 7.000 HUF<br \/>\nSuite: 12.000 HUF<\/p>\n<h3 class=\"title\">Family-friendly discounts:<\/h3>\n<p>Catering is free of charge for 0-6 year-old children,<br \/>\n6-12 year-old children get 50% discount from total amount of catering.<\/p>\n\n<\/div>\n<\/div>\n<\/div>\n<\/div><\/div>\n<\/div>\n<\/div>\n<\/div>\n<\/div>\n<\/div>\n<div id=\"cmsmasters_row_bb47f2d3d6\" class=\"cmsmasters_row cmsmasters_color_scheme_default cmsmasters_row_top_default cmsmasters_row_bot_default cmsmasters_row_boxed\">\n<div class=\"cmsmasters_row_outer_parent\">\n<div class=\"cmsmasters_row_outer\">\n<div class=\"cmsmasters_row_inner\">\n<div class=\"cmsmasters_row_margin\">\n<div id=\"cmsmasters_column_8e96cd72d4\" class=\"cmsmasters_column one_fourth\">\n<div class=\"cmsmasters_column_inner\"><\/div><\/div>\n<div id=\"cmsmasters_column_glk3wcjs\" class=\"cmsmasters_column one_fourth\">\n<div class=\"cmsmasters_column_inner\"><\/div><\/div>\n<\/div>\n<\/div>\n<\/div>\n<\/div>\n<\/div>\n\n","protected":false},"excerpt":{"rendered":"","protected":false},"author":1,"featured_media":0,"parent":0,"menu_order":0,"comment_status":"closed","ping_status":"closed","template":"","meta":{"_monsterinsights_skip_tracking":false,"_monsterinsights_sitenote_active":false,"_monsterinsights_sitenote_note":"","_monsterinsights_sitenote_category":0,"footnotes":""},"class_list":["post-15441","page","type-page","status-publish","hentry"],"aioseo_notices":[],"lang":"en","translations":{"en":15441},"aioseo_head":"\n\t\t<!-- All in One SEO Pro 4.9.0 - aioseo.com -->\n\t<meta name=\"robots\" content=\"max-image-preview:large\" \/>\n\t<link rel=\"canonical\" href=\"https:\/\/centralhotel.hu\/wpsite\/en\/our-offers\/\" \/>\n\t<meta name=\"generator\" content=\"All in One SEO Pro (AIOSEO) 4.9.0\" \/>\n\t\t<meta property=\"og:locale\" content=\"hu_HU\" \/>\n\t\t<meta property=\"og:site_name\" content=\"Centr\u00e1l Hotel - Centr\u00e1l Hotel\" \/>\n\t\t<meta property=\"og:type\" content=\"article\" \/>\n\t\t<meta property=\"og:title\" content=\"Our Offers - Centr\u00e1l Hotel\" \/>\n\t\t<meta property=\"og:url\" content=\"https:\/\/centralhotel.hu\/wpsite\/en\/our-offers\/\" \/>\n\t\t<meta property=\"article:published_time\" content=\"2021-09-16T12:05:35+00:00\" \/>\n\t\t<meta property=\"article:modified_time\" content=\"2025-04-17T14:21:26+00:00\" \/>\n\t\t<meta property=\"article:publisher\" content=\"https:\/\/www.facebook.com\/www.centralhotel.hu\" \/>\n\t\t<meta name=\"twitter:card\" content=\"summary_large_image\" \/>\n\t\t<meta name=\"twitter:title\" content=\"Our Offers - Centr\u00e1l Hotel\" \/>\n\t\t<script type=\"application\/ld+json\" class=\"aioseo-schema\">\n\t\t\t{\"@context\":\"https:\\\/\\\/schema.org\",\"@graph\":[{\"@type\":\"BreadcrumbList\",\"@id\":\"https:\\\/\\\/centralhotel.hu\\\/wpsite\\\/en\\\/our-offers\\\/#breadcrumblist\",\"itemListElement\":[{\"@type\":\"ListItem\",\"@id\":\"https:\\\/\\\/centralhotel.hu\\\/wpsite#listItem\",\"position\":1,\"name\":\"Home\",\"item\":\"https:\\\/\\\/centralhotel.hu\\\/wpsite\",\"nextItem\":{\"@type\":\"ListItem\",\"@id\":\"https:\\\/\\\/centralhotel.hu\\\/wpsite\\\/en\\\/our-offers\\\/#listItem\",\"name\":\"Our Offers\"}},{\"@type\":\"ListItem\",\"@id\":\"https:\\\/\\\/centralhotel.hu\\\/wpsite\\\/en\\\/our-offers\\\/#listItem\",\"position\":2,\"name\":\"Our Offers\",\"previousItem\":{\"@type\":\"ListItem\",\"@id\":\"https:\\\/\\\/centralhotel.hu\\\/wpsite#listItem\",\"name\":\"Home\"}}]},{\"@type\":\"Organization\",\"@id\":\"https:\\\/\\\/centralhotel.hu\\\/wpsite\\\/#organization\",\"name\":\"Centr\\u00e1l Hotel\",\"description\":\"Centr\\u00e1l Hotel\",\"url\":\"https:\\\/\\\/centralhotel.hu\\\/wpsite\\\/\",\"sameAs\":[\"https:\\\/\\\/www.facebook.com\\\/www.centralhotel.hu\",\"https:\\\/\\\/www.instagram.com\\\/explore\\\/locations\\\/446697402150991\\\/central-hotel-es-etterem\\\/\"]},{\"@type\":\"WebPage\",\"@id\":\"https:\\\/\\\/centralhotel.hu\\\/wpsite\\\/en\\\/our-offers\\\/#webpage\",\"url\":\"https:\\\/\\\/centralhotel.hu\\\/wpsite\\\/en\\\/our-offers\\\/\",\"name\":\"Our Offers - Centr\\u00e1l Hotel\",\"inLanguage\":\"hu-HU\",\"isPartOf\":{\"@id\":\"https:\\\/\\\/centralhotel.hu\\\/wpsite\\\/#website\"},\"breadcrumb\":{\"@id\":\"https:\\\/\\\/centralhotel.hu\\\/wpsite\\\/en\\\/our-offers\\\/#breadcrumblist\"},\"datePublished\":\"2021-09-16T12:05:35+00:00\",\"dateModified\":\"2025-04-17T14:21:26+00:00\"},{\"@type\":\"WebSite\",\"@id\":\"https:\\\/\\\/centralhotel.hu\\\/wpsite\\\/#website\",\"url\":\"https:\\\/\\\/centralhotel.hu\\\/wpsite\\\/\",\"name\":\"Centr\\u00e1l Hotel\",\"description\":\"Centr\\u00e1l Hotel\",\"inLanguage\":\"hu-HU\",\"publisher\":{\"@id\":\"https:\\\/\\\/centralhotel.hu\\\/wpsite\\\/#organization\"}}]}\n\t\t<\/script>\n\t\t<!-- All in One SEO Pro -->\r\n\t\t<title>Our Offers - Centr\u00e1l Hotel<\/title>\n\n","aioseo_head_json":{"title":"Our Offers - Centr\u00e1l Hotel","description":"","canonical_url":"https:\/\/centralhotel.hu\/wpsite\/en\/our-offers\/","robots":"max-image-preview:large","keywords":"","webmasterTools":{"miscellaneous":""},"schema":{"@context":"https:\/\/schema.org","@graph":[{"@type":"BreadcrumbList","@id":"https:\/\/centralhotel.hu\/wpsite\/en\/our-offers\/#breadcrumblist","itemListElement":[{"@type":"ListItem","@id":"https:\/\/centralhotel.hu\/wpsite#listItem","position":1,"name":"Home","item":"https:\/\/centralhotel.hu\/wpsite","nextItem":{"@type":"ListItem","@id":"https:\/\/centralhotel.hu\/wpsite\/en\/our-offers\/#listItem","name":"Our Offers"}},{"@type":"ListItem","@id":"https:\/\/centralhotel.hu\/wpsite\/en\/our-offers\/#listItem","position":2,"name":"Our Offers","previousItem":{"@type":"ListItem","@id":"https:\/\/centralhotel.hu\/wpsite#listItem","name":"Home"}}]},{"@type":"Organization","@id":"https:\/\/centralhotel.hu\/wpsite\/#organization","name":"Centr\u00e1l Hotel","description":"Centr\u00e1l Hotel","url":"https:\/\/centralhotel.hu\/wpsite\/","sameAs":["https:\/\/www.facebook.com\/www.centralhotel.hu","https:\/\/www.instagram.com\/explore\/locations\/446697402150991\/central-hotel-es-etterem\/"]},{"@type":"WebPage","@id":"https:\/\/centralhotel.hu\/wpsite\/en\/our-offers\/#webpage","url":"https:\/\/centralhotel.hu\/wpsite\/en\/our-offers\/","name":"Our Offers - Centr\u00e1l Hotel","inLanguage":"hu-HU","isPartOf":{"@id":"https:\/\/centralhotel.hu\/wpsite\/#website"},"breadcrumb":{"@id":"https:\/\/centralhotel.hu\/wpsite\/en\/our-offers\/#breadcrumblist"},"datePublished":"2021-09-16T12:05:35+00:00","dateModified":"2025-04-17T14:21:26+00:00"},{"@type":"WebSite","@id":"https:\/\/centralhotel.hu\/wpsite\/#website","url":"https:\/\/centralhotel.hu\/wpsite\/","name":"Centr\u00e1l Hotel","description":"Centr\u00e1l Hotel","inLanguage":"hu-HU","publisher":{"@id":"https:\/\/centralhotel.hu\/wpsite\/#organization"}}]},"og:locale":"hu_HU","og:site_name":"Centr\u00e1l Hotel - Centr\u00e1l Hotel","og:type":"article","og:title":"Our Offers - Centr\u00e1l Hotel","og:url":"https:\/\/centralhotel.hu\/wpsite\/en\/our-offers\/","article:published_time":"2021-09-16T12:05:35+00:00","article:modified_time":"2025-04-17T14:21:26+00:00","article:publisher":"https:\/\/www.facebook.com\/www.centralhotel.hu","twitter:card":"summary_large_image","twitter:title":"Our Offers - Centr\u00e1l Hotel"},"aioseo_meta_data":{"post_id":"15441","title":null,"description":null,"keywords":null,"keyphrases":null,"primary_term":null,"canonical_url":null,"og_title":null,"og_description":null,"og_object_type":"default","og_image_type":"default","og_image_url":null,"og_image_width":null,"og_image_height":null,"og_image_custom_url":null,"og_image_custom_fields":null,"og_video":null,"og_custom_url":null,"og_article_section":null,"og_article_tags":null,"twitter_use_og":false,"twitter_card":"default","twitter_image_type":"default","twitter_image_url":null,"twitter_image_custom_url":null,"twitter_image_custom_fields":null,"twitter_title":null,"twitter_description":null,"schema":{"blockGraphs":[],"customGraphs":[],"default":{"data":{"Article":[],"Course":[],"Dataset":[],"FAQPage":[],"Movie":[],"Person":[],"Product":[],"ProductReview":[],"Car":[],"Recipe":[],"Service":[],"SoftwareApplication":[],"WebPage":[]},"graphName":"","isEnabled":true},"graphs":[]},"schema_type":"default","schema_type_options":null,"pillar_content":false,"robots_default":true,"robots_noindex":false,"robots_noarchive":false,"robots_nosnippet":false,"robots_nofollow":false,"robots_noimageindex":false,"robots_noodp":false,"robots_notranslate":false,"robots_max_snippet":null,"robots_max_videopreview":null,"robots_max_imagepreview":"large","priority":null,"frequency":null,"local_seo":null,"seo_analyzer_scan_date":"2026-02-15 16:52:08","breadcrumb_settings":null,"limit_modified_date":false,"open_ai":null,"ai":null,"created":"2026-02-15 16:48:39","updated":"2026-02-15 19:01:35"},"aioseo_breadcrumb":"<div class=\"aioseo-breadcrumbs\"><span class=\"aioseo-breadcrumb\">\n\t<a href=\"https:\/\/centralhotel.hu\/wpsite\" title=\"Home\">Home<\/a>\n<\/span><span class=\"aioseo-breadcrumb-separator\">&raquo;<\/span><span class=\"aioseo-breadcrumb\">\n\tOur Offers\n<\/span><\/div>","aioseo_breadcrumb_json":[{"label":"Home","link":"https:\/\/centralhotel.hu\/wpsite"},{"label":"Our Offers","link":"https:\/\/centralhotel.hu\/wpsite\/en\/our-offers\/"}],"pll_sync_post":[],"_links":{"self":[{"href":"https:\/\/centralhotel.hu\/wpsite\/wp-json\/wp\/v2\/pages\/15441","targetHints":{"allow":["GET"]}}],"collection":[{"href":"https:\/\/centralhotel.hu\/wpsite\/wp-json\/wp\/v2\/pages"}],"about":[{"href":"https:\/\/centralhotel.hu\/wpsite\/wp-json\/wp\/v2\/types\/page"}],"author":[{"embeddable":true,"href":"https:\/\/centralhotel.hu\/wpsite\/wp-json\/wp\/v2\/users\/1"}],"replies":[{"embeddable":true,"href":"https:\/\/centralhotel.hu\/wpsite\/wp-json\/wp\/v2\/comments?post=15441"}],"version-history":[{"count":8,"href":"https:\/\/centralhotel.hu\/wpsite\/wp-json\/wp\/v2\/pages\/15441\/revisions"}],"predecessor-version":[{"id":15945,"href":"https:\/\/centralhotel.hu\/wpsite\/wp-json\/wp\/v2\/pages\/15441\/revisions\/15945"}],"wp:attachment":[{"href":"https:\/\/centralhotel.hu\/wpsite\/wp-json\/wp\/v2\/media?parent=15441"}],"curies":[{"name":"wp","href":"https:\/\/api.w.org\/{rel}","templated":true}]}}