{"id":15306,"date":"2021-09-06T07:37:07","date_gmt":"2021-09-06T07:37:07","guid":{"rendered":"https:\/\/centralhotel.hu\/wpsite\/?page_id=15306"},"modified":"2021-09-07T05:51:02","modified_gmt":"2021-09-07T05:51:02","slug":"rooms","status":"publish","type":"page","link":"https:\/\/centralhotel.hu\/wpsite\/en\/rooms\/","title":{"rendered":"Rooms"},"content":{"rendered":"<div id=\"cmsmasters_row_bb47f2d3d6\" class=\"cmsmasters_row cmsmasters_color_scheme_default cmsmasters_row_top_default cmsmasters_row_bot_default cmsmasters_row_boxed\">\n<div class=\"cmsmasters_row_outer_parent\">\n<div class=\"cmsmasters_row_outer\">\n<div class=\"cmsmasters_row_inner\">\n<div class=\"cmsmasters_row_margin\">\n<div id=\"cmsmasters_column_8e96cd72d4\" class=\"cmsmasters_column one_first\">\n<div class=\"cmsmasters_column_inner\"><div id=\"cmsmasters_heading_d2efd40b3c\" class=\"cmsmasters_heading_wrap cmsmasters_heading_align_center\">\n\t<h3 class=\"cmsmasters_heading\">Our<\/h3>\n<\/div><div id=\"cmsmasters_heading_b36a821605\" class=\"cmsmasters_heading_wrap cmsmasters_heading_align_center\">\n\t<h2 class=\"cmsmasters_heading\">Rooms<\/h2>\n<\/div><div id=\"portfolio_t999zsj6y\" class=\"cmsmasters_wrap_portfolio entry-summary\" data-layout=\"grid\" data-layout-mode=\"perfect\" data-url=\"https:\/\/centralhotel.hu\/wpsite\/wp-content\/plugins\/cmsmasters-content-composer\/\" data-orderby=\"title\" data-order=\"DESC\" data-count=\"4\" data-categories=\"air-conditioning\" data-metadata=\"title,price\"><div class=\"portfolio grid large_gap perfect cmsmasters_2\"><!-- Start Project Grid Article -->\r\n<article id=\"post-15327\" class=\"cmsmasters_project_grid post-15327 project type-project status-publish format-standard has-post-thumbnail hentry pj-categs-air-conditioning pj-categs-free-wifi-internet pj-categs-hairdryer pj-categs-led-tv pj-categs-bathroom-with-shower-or-bathtub pj-categs-telephone pj-categs-wellness pj-tags-angol\" data-category=\"air-conditioning free-wifi-internet hairdryer led-tv bathroom-with-shower-or-bathtub telephone wellness\">\r\n\t<div class=\"project_outer\">\r\n\t<div class=\"project_img_wrap\"><figure class=\"cmsmasters_img_rollover_wrap preloader\"><img loading=\"lazy\" decoding=\"async\" width=\"580\" height=\"420\" src=\"https:\/\/centralhotel.hu\/wpsite\/wp-content\/uploads\/2017\/05\/ketagyas-g4-1-580x420.jpg\" class=\"full-width wp-post-image\" alt=\"Twin or double room ****\" title=\"ketagyas g4\" \/><a href=\"https:\/\/centralhotel.hu\/wpsite\/en\/room\/twin-or-double-room\/\" title=\"Twin or double room ****\" class=\"cmsmasters_open_link\"><\/a><\/figure><\/div><header class=\"cmsmasters_project_header entry-header\"><h3 class=\"cmsmasters_project_title entry-title\"><a href=\"https:\/\/centralhotel.hu\/wpsite\/en\/room\/twin-or-double-room\/\">Twin or double room ****<\/a><\/h3><\/header><div class=\"cmsmasters_project_cont_info_wrapper\"><span class=\"cmsmasters_project_price\">From 11.750 HUF (31 \u20ac)\/person\/night \u2022 with breakfast<\/span><\/div><span class=\"dn meta-date\">20210907062404<\/span>\t<\/div>\r\n<\/article>\r\n<!-- Finish Project Grid Article -->\r\n\r\n<!-- Start Project Grid Article -->\r\n<article id=\"post-15446\" class=\"cmsmasters_project_grid post-15446 project type-project status-publish format-standard has-post-thumbnail hentry pj-categs-air-conditioning pj-categs-coffee-maker pj-categs-free-wifi-internet pj-categs-hairdryer pj-categs-led-tv pj-categs-bathroom-with-shower-or-bathtub pj-categs-telephone pj-categs-wellness\" data-category=\"air-conditioning coffee-maker free-wifi-internet hairdryer led-tv bathroom-with-shower-or-bathtub telephone wellness\">\r\n\t<div class=\"project_outer\">\r\n\t<div class=\"project_img_wrap\"><figure class=\"cmsmasters_img_rollover_wrap preloader\"><img loading=\"lazy\" decoding=\"async\" width=\"580\" height=\"420\" src=\"https:\/\/centralhotel.hu\/wpsite\/wp-content\/uploads\/2017\/05\/lakosztaly-g2-580x420.jpg\" class=\"full-width wp-post-image\" alt=\"Suite ****\" title=\"lakosztaly g2\" \/><a href=\"https:\/\/centralhotel.hu\/wpsite\/en\/room\/suite\/\" title=\"Suite ****\" class=\"cmsmasters_open_link\"><\/a><\/figure><\/div><header class=\"cmsmasters_project_header entry-header\"><h3 class=\"cmsmasters_project_title entry-title\"><a href=\"https:\/\/centralhotel.hu\/wpsite\/en\/room\/suite\/\">Suite ****<\/a><\/h3><\/header><div class=\"cmsmasters_project_cont_info_wrapper\"><span class=\"cmsmasters_project_price\">From 11.875 HUF (31 \u20ac)\/person\/night \u2022 with breakfast<\/span><\/div><span class=\"dn meta-date\">20210916121350<\/span>\t<\/div>\r\n<\/article>\r\n<!-- Finish Project Grid Article -->\r\n\r\n<!-- Start Project Grid Article -->\r\n<article id=\"post-15313\" class=\"cmsmasters_project_grid post-15313 project type-project status-publish format-standard has-post-thumbnail hentry pj-categs-air-conditioning pj-categs-free-wifi-internet pj-categs-hairdryer pj-categs-led-tv pj-categs-bathroom-with-shower-or-bathtub pj-categs-telephone pj-categs-wellness pj-tags-angol\" data-category=\"air-conditioning free-wifi-internet hairdryer led-tv bathroom-with-shower-or-bathtub telephone wellness\">\r\n\t<div class=\"project_outer\">\r\n\t<div class=\"project_img_wrap\"><figure class=\"cmsmasters_img_rollover_wrap preloader\"><img loading=\"lazy\" decoding=\"async\" width=\"580\" height=\"420\" src=\"https:\/\/centralhotel.hu\/wpsite\/wp-content\/uploads\/2021\/08\/egyagyas-g2-580x420.jpg\" class=\"full-width wp-post-image\" alt=\"Single room ****\" title=\"egyagyas g2\" \/><a href=\"https:\/\/centralhotel.hu\/wpsite\/en\/room\/single-room\/\" title=\"Single room ****\" class=\"cmsmasters_open_link\"><\/a><\/figure><\/div><header class=\"cmsmasters_project_header entry-header\"><h3 class=\"cmsmasters_project_title entry-title\"><a href=\"https:\/\/centralhotel.hu\/wpsite\/en\/room\/single-room\/\">Single room ****<\/a><\/h3><\/header><div class=\"cmsmasters_project_cont_info_wrapper\"><span class=\"cmsmasters_project_price\">From 20.000 HUF (52 \u20ac)\/room\/night \u2022 with breakfast<\/span><\/div><span class=\"dn meta-date\">20210906080538<\/span>\t<\/div>\r\n<\/article>\r\n<!-- Finish Project Grid Article -->\r\n\r\n<!-- Start Project Grid Article -->\r\n<article id=\"post-15430\" class=\"cmsmasters_project_grid post-15430 project type-project status-publish format-standard has-post-thumbnail hentry pj-categs-air-conditioning pj-categs-coffee-maker pj-categs-free-wifi-internet pj-categs-hairdryer pj-categs-led-tv pj-categs-bathroom-with-shower-or-bathtub pj-categs-telephone pj-categs-wellness\" data-category=\"air-conditioning coffee-maker free-wifi-internet hairdryer led-tv bathroom-with-shower-or-bathtub telephone wellness\">\r\n\t<div class=\"project_outer\">\r\n\t<div class=\"project_img_wrap\"><figure class=\"cmsmasters_img_rollover_wrap preloader\"><img loading=\"lazy\" decoding=\"async\" width=\"580\" height=\"420\" src=\"https:\/\/centralhotel.hu\/wpsite\/wp-content\/uploads\/2017\/05\/kis-lakosytaly-g3-580x420.jpg\" class=\"full-width wp-post-image\" alt=\"Junior suite ****\" title=\"kis lakosytaly g3\" \/><a href=\"https:\/\/centralhotel.hu\/wpsite\/en\/room\/junior-suite\/\" title=\"Junior suite ****\" class=\"cmsmasters_open_link\"><\/a><\/figure><\/div><header class=\"cmsmasters_project_header entry-header\"><h3 class=\"cmsmasters_project_title entry-title\"><a href=\"https:\/\/centralhotel.hu\/wpsite\/en\/room\/junior-suite\/\">Junior suite ****<\/a><\/h3><\/header><div class=\"cmsmasters_project_cont_info_wrapper\"><span class=\"cmsmasters_project_price\">From 12.500 HUF (32 \u20ac)\/person\/night \u2022 with breakfast<\/span><\/div><span class=\"dn meta-date\">20210916090940<\/span>\t<\/div>\r\n<\/article>\r\n<!-- Finish Project Grid Article -->\r\n\r\n<\/div><div class=\"cmsmasters_wrap_more_projects cmsmasters_wrap_more_items\"><\/div><\/div>\n<\/div><\/div>\n<\/div>\n<\/div>\n<\/div>\n<\/div>\n<\/div>\n\n","protected":false},"excerpt":{"rendered":"","protected":false},"author":1,"featured_media":0,"parent":0,"menu_order":0,"comment_status":"closed","ping_status":"closed","template":"","meta":{"_monsterinsights_skip_tracking":false,"_monsterinsights_sitenote_active":false,"_monsterinsights_sitenote_note":"","_monsterinsights_sitenote_category":0,"footnotes":""},"class_list":["post-15306","page","type-page","status-publish","hentry"],"aioseo_notices":[],"lang":"en","translations":{"en":15306},"aioseo_head":"\n\t\t<!-- All in One SEO Pro 4.9.0 - aioseo.com -->\n\t<meta name=\"description\" content=\"The enterior is characterized by effortless classicism\" \/>\n\t<meta name=\"robots\" content=\"max-image-preview:large\" \/>\n\t<link rel=\"canonical\" href=\"https:\/\/centralhotel.hu\/wpsite\/en\/room\/junior-suite\/\" \/>\n\t<meta name=\"generator\" content=\"All in One SEO Pro (AIOSEO) 4.9.0\" \/>\n\t\t<meta property=\"og:locale\" content=\"hu_HU\" \/>\n\t\t<meta property=\"og:site_name\" content=\"Centr\u00e1l Hotel - Centr\u00e1l Hotel\" \/>\n\t\t<meta property=\"og:type\" content=\"article\" \/>\n\t\t<meta property=\"og:title\" content=\"Junior suite **** - Centr\u00e1l Hotel\" \/>\n\t\t<meta property=\"og:description\" content=\"The enterior is characterized by effortless classicism\" \/>\n\t\t<meta property=\"og:url\" content=\"https:\/\/centralhotel.hu\/wpsite\/en\/room\/junior-suite\/\" \/>\n\t\t<meta property=\"article:published_time\" content=\"2021-09-16T09:09:40+00:00\" \/>\n\t\t<meta property=\"article:modified_time\" content=\"2026-02-14T10:33:12+00:00\" \/>\n\t\t<meta property=\"article:publisher\" content=\"https:\/\/www.facebook.com\/www.centralhotel.hu\" \/>\n\t\t<meta name=\"twitter:card\" content=\"summary_large_image\" \/>\n\t\t<meta name=\"twitter:title\" content=\"Junior suite **** - Centr\u00e1l Hotel\" \/>\n\t\t<meta name=\"twitter:description\" content=\"The enterior is characterized by effortless classicism\" \/>\n\t\t<script type=\"application\/ld+json\" class=\"aioseo-schema\">\n\t\t\t{\"@context\":\"https:\\\/\\\/schema.org\",\"@graph\":[{\"@type\":\"BreadcrumbList\",\"@id\":\"https:\\\/\\\/centralhotel.hu\\\/wpsite\\\/en\\\/room\\\/junior-suite\\\/#breadcrumblist\",\"itemListElement\":[{\"@type\":\"ListItem\",\"@id\":\"https:\\\/\\\/centralhotel.hu\\\/wpsite#listItem\",\"position\":1,\"name\":\"Home\",\"item\":\"https:\\\/\\\/centralhotel.hu\\\/wpsite\",\"nextItem\":{\"@type\":\"ListItem\",\"@id\":\"https:\\\/\\\/centralhotel.hu\\\/wpsite\\\/en\\\/rooms\\\/#listItem\",\"name\":\"Rooms\"}},{\"@type\":\"ListItem\",\"@id\":\"https:\\\/\\\/centralhotel.hu\\\/wpsite\\\/en\\\/rooms\\\/#listItem\",\"position\":2,\"name\":\"Rooms\",\"previousItem\":{\"@type\":\"ListItem\",\"@id\":\"https:\\\/\\\/centralhotel.hu\\\/wpsite#listItem\",\"name\":\"Home\"}}]},{\"@type\":\"Organization\",\"@id\":\"https:\\\/\\\/centralhotel.hu\\\/wpsite\\\/#organization\",\"name\":\"Centr\\u00e1l Hotel\",\"description\":\"Centr\\u00e1l Hotel\",\"url\":\"https:\\\/\\\/centralhotel.hu\\\/wpsite\\\/\",\"sameAs\":[\"https:\\\/\\\/www.facebook.com\\\/www.centralhotel.hu\",\"https:\\\/\\\/www.instagram.com\\\/explore\\\/locations\\\/446697402150991\\\/central-hotel-es-etterem\\\/\"]},{\"@type\":\"Person\",\"@id\":\"https:\\\/\\\/centralhotel.hu\\\/wpsite\\\/author\\\/centraladmin\\\/#author\",\"url\":\"https:\\\/\\\/centralhotel.hu\\\/wpsite\\\/author\\\/centraladmin\\\/\",\"name\":\"centraladmin\"},{\"@type\":\"WebPage\",\"@id\":\"https:\\\/\\\/centralhotel.hu\\\/wpsite\\\/en\\\/room\\\/junior-suite\\\/#webpage\",\"url\":\"https:\\\/\\\/centralhotel.hu\\\/wpsite\\\/en\\\/room\\\/junior-suite\\\/\",\"name\":\"Junior suite **** - Centr\\u00e1l Hotel\",\"description\":\"The enterior is characterized by effortless classicism\",\"inLanguage\":\"hu-HU\",\"isPartOf\":{\"@id\":\"https:\\\/\\\/centralhotel.hu\\\/wpsite\\\/#website\"},\"breadcrumb\":{\"@id\":\"https:\\\/\\\/centralhotel.hu\\\/wpsite\\\/en\\\/room\\\/junior-suite\\\/#breadcrumblist\"},\"author\":{\"@id\":\"https:\\\/\\\/centralhotel.hu\\\/wpsite\\\/author\\\/centraladmin\\\/#author\"},\"creator\":{\"@id\":\"https:\\\/\\\/centralhotel.hu\\\/wpsite\\\/author\\\/centraladmin\\\/#author\"},\"image\":{\"@type\":\"ImageObject\",\"url\":\"https:\\\/\\\/centralhotel.hu\\\/wpsite\\\/wp-content\\\/uploads\\\/2017\\\/05\\\/kis-lakosytaly-g3.jpg\",\"@id\":\"https:\\\/\\\/centralhotel.hu\\\/wpsite\\\/en\\\/room\\\/junior-suite\\\/#mainImage\",\"width\":1160,\"height\":700},\"primaryImageOfPage\":{\"@id\":\"https:\\\/\\\/centralhotel.hu\\\/wpsite\\\/en\\\/room\\\/junior-suite\\\/#mainImage\"},\"datePublished\":\"2021-09-16T09:09:40+00:00\",\"dateModified\":\"2026-02-14T10:33:12+00:00\"},{\"@type\":\"WebSite\",\"@id\":\"https:\\\/\\\/centralhotel.hu\\\/wpsite\\\/#website\",\"url\":\"https:\\\/\\\/centralhotel.hu\\\/wpsite\\\/\",\"name\":\"Centr\\u00e1l Hotel\",\"description\":\"Centr\\u00e1l Hotel\",\"inLanguage\":\"hu-HU\",\"publisher\":{\"@id\":\"https:\\\/\\\/centralhotel.hu\\\/wpsite\\\/#organization\"}}]}\n\t\t<\/script>\n\t\t<!-- All in One SEO Pro -->\r\n\t\t<title>Junior suite **** - Centr\u00e1l Hotel<\/title>\n\n","aioseo_head_json":{"title":"Junior suite **** - Centr\u00e1l Hotel","description":"The enterior is characterized by effortless classicism","canonical_url":"https:\/\/centralhotel.hu\/wpsite\/en\/room\/junior-suite\/","robots":"max-image-preview:large","keywords":"","webmasterTools":{"miscellaneous":""},"schema":{"@context":"https:\/\/schema.org","@graph":[{"@type":"BreadcrumbList","@id":"https:\/\/centralhotel.hu\/wpsite\/en\/room\/junior-suite\/#breadcrumblist","itemListElement":[{"@type":"ListItem","@id":"https:\/\/centralhotel.hu\/wpsite#listItem","position":1,"name":"Home","item":"https:\/\/centralhotel.hu\/wpsite","nextItem":{"@type":"ListItem","@id":"https:\/\/centralhotel.hu\/wpsite\/en\/rooms\/#listItem","name":"Rooms"}},{"@type":"ListItem","@id":"https:\/\/centralhotel.hu\/wpsite\/en\/rooms\/#listItem","position":2,"name":"Rooms","previousItem":{"@type":"ListItem","@id":"https:\/\/centralhotel.hu\/wpsite#listItem","name":"Home"}}]},{"@type":"Organization","@id":"https:\/\/centralhotel.hu\/wpsite\/#organization","name":"Centr\u00e1l Hotel","description":"Centr\u00e1l Hotel","url":"https:\/\/centralhotel.hu\/wpsite\/","sameAs":["https:\/\/www.facebook.com\/www.centralhotel.hu","https:\/\/www.instagram.com\/explore\/locations\/446697402150991\/central-hotel-es-etterem\/"]},{"@type":"Person","@id":"https:\/\/centralhotel.hu\/wpsite\/author\/centraladmin\/#author","url":"https:\/\/centralhotel.hu\/wpsite\/author\/centraladmin\/","name":"centraladmin"},{"@type":"WebPage","@id":"https:\/\/centralhotel.hu\/wpsite\/en\/room\/junior-suite\/#webpage","url":"https:\/\/centralhotel.hu\/wpsite\/en\/room\/junior-suite\/","name":"Junior suite **** - Centr\u00e1l Hotel","description":"The enterior is characterized by effortless classicism","inLanguage":"hu-HU","isPartOf":{"@id":"https:\/\/centralhotel.hu\/wpsite\/#website"},"breadcrumb":{"@id":"https:\/\/centralhotel.hu\/wpsite\/en\/room\/junior-suite\/#breadcrumblist"},"author":{"@id":"https:\/\/centralhotel.hu\/wpsite\/author\/centraladmin\/#author"},"creator":{"@id":"https:\/\/centralhotel.hu\/wpsite\/author\/centraladmin\/#author"},"image":{"@type":"ImageObject","url":"https:\/\/centralhotel.hu\/wpsite\/wp-content\/uploads\/2017\/05\/kis-lakosytaly-g3.jpg","@id":"https:\/\/centralhotel.hu\/wpsite\/en\/room\/junior-suite\/#mainImage","width":1160,"height":700},"primaryImageOfPage":{"@id":"https:\/\/centralhotel.hu\/wpsite\/en\/room\/junior-suite\/#mainImage"},"datePublished":"2021-09-16T09:09:40+00:00","dateModified":"2026-02-14T10:33:12+00:00"},{"@type":"WebSite","@id":"https:\/\/centralhotel.hu\/wpsite\/#website","url":"https:\/\/centralhotel.hu\/wpsite\/","name":"Centr\u00e1l Hotel","description":"Centr\u00e1l Hotel","inLanguage":"hu-HU","publisher":{"@id":"https:\/\/centralhotel.hu\/wpsite\/#organization"}}]},"og:locale":"hu_HU","og:site_name":"Centr\u00e1l Hotel - Centr\u00e1l Hotel","og:type":"article","og:title":"Junior suite **** - Centr\u00e1l Hotel","og:description":"The enterior is characterized by effortless classicism","og:url":"https:\/\/centralhotel.hu\/wpsite\/en\/room\/junior-suite\/","article:published_time":"2021-09-16T09:09:40+00:00","article:modified_time":"2026-02-14T10:33:12+00:00","article:publisher":"https:\/\/www.facebook.com\/www.centralhotel.hu","twitter:card":"summary_large_image","twitter:title":"Junior suite **** - Centr\u00e1l Hotel","twitter:description":"The enterior is characterized by effortless classicism"},"aioseo_meta_data":{"post_id":"15306","title":null,"description":null,"keywords":null,"keyphrases":{"focus":{"keyphrase":"Rooms","score":0,"analysis":[]}},"primary_term":null,"canonical_url":null,"og_title":null,"og_description":null,"og_object_type":"default","og_image_type":"default","og_image_url":null,"og_image_width":null,"og_image_height":null,"og_image_custom_url":null,"og_image_custom_fields":null,"og_video":null,"og_custom_url":null,"og_article_section":null,"og_article_tags":null,"twitter_use_og":false,"twitter_card":"default","twitter_image_type":"default","twitter_image_url":null,"twitter_image_custom_url":null,"twitter_image_custom_fields":null,"twitter_title":null,"twitter_description":null,"schema":{"blockGraphs":[],"customGraphs":[],"default":{"data":{"Article":[],"Course":[],"Dataset":[],"FAQPage":[],"Movie":[],"Person":[],"Product":[],"ProductReview":[],"Car":[],"Recipe":[],"Service":[],"SoftwareApplication":[],"WebPage":[]},"graphName":"","isEnabled":true},"graphs":[]},"schema_type":"default","schema_type_options":null,"pillar_content":false,"robots_default":true,"robots_noindex":false,"robots_noarchive":false,"robots_nosnippet":false,"robots_nofollow":false,"robots_noimageindex":false,"robots_noodp":false,"robots_notranslate":false,"robots_max_snippet":null,"robots_max_videopreview":null,"robots_max_imagepreview":"large","priority":null,"frequency":null,"local_seo":null,"seo_analyzer_scan_date":"2026-02-16 10:46:21","breadcrumb_settings":null,"limit_modified_date":false,"open_ai":null,"ai":null,"created":"2026-02-15 16:48:39","updated":"2026-02-16 10:46:21"},"aioseo_breadcrumb":"<div class=\"aioseo-breadcrumbs\"><span class=\"aioseo-breadcrumb\">\n\t<a href=\"https:\/\/centralhotel.hu\/wpsite\" title=\"Home\">Home<\/a>\n<\/span><span class=\"aioseo-breadcrumb-separator\">&raquo;<\/span><span class=\"aioseo-breadcrumb\">\n\tRooms\n<\/span><\/div>","aioseo_breadcrumb_json":[{"label":"Home","link":"https:\/\/centralhotel.hu\/wpsite"},{"label":"Rooms","link":"https:\/\/centralhotel.hu\/wpsite\/en\/rooms\/"}],"pll_sync_post":[],"_links":{"self":[{"href":"https:\/\/centralhotel.hu\/wpsite\/wp-json\/wp\/v2\/pages\/15306","targetHints":{"allow":["GET"]}}],"collection":[{"href":"https:\/\/centralhotel.hu\/wpsite\/wp-json\/wp\/v2\/pages"}],"about":[{"href":"https:\/\/centralhotel.hu\/wpsite\/wp-json\/wp\/v2\/types\/page"}],"author":[{"embeddable":true,"href":"https:\/\/centralhotel.hu\/wpsite\/wp-json\/wp\/v2\/users\/1"}],"replies":[{"embeddable":true,"href":"https:\/\/centralhotel.hu\/wpsite\/wp-json\/wp\/v2\/comments?post=15306"}],"version-history":[{"count":8,"href":"https:\/\/centralhotel.hu\/wpsite\/wp-json\/wp\/v2\/pages\/15306\/revisions"}],"predecessor-version":[{"id":15320,"href":"https:\/\/centralhotel.hu\/wpsite\/wp-json\/wp\/v2\/pages\/15306\/revisions\/15320"}],"wp:attachment":[{"href":"https:\/\/centralhotel.hu\/wpsite\/wp-json\/wp\/v2\/media?parent=15306"}],"curies":[{"name":"wp","href":"https:\/\/api.w.org\/{rel}","templated":true}]}}